{"id":422,"date":"2023-03-16T12:47:12","date_gmt":"2023-03-16T17:47:12","guid":{"rendered":"http:\/\/findhelpdc.local\/resources\/treatment\/"},"modified":"2023-08-28T15:18:00","modified_gmt":"2023-08-28T20:18:00","slug":"treatment","status":"publish","type":"page","link":"https:\/\/findhelpdc.com\/es\/treatment\/","title":{"rendered":"Tratamiento"},"content":{"rendered":"<section data-block=\"page-header\" data-block_d301ab0cbe6ff3c51ddb06b6dde647af class=\"page-header alignfull\">\n  <div class=\"bg-blue text-white text-center\">\n    <div class=\"container max-w-screen-md py-8 lg:py-16\">\n      <div class=\"flex flex-col gap-4\">\n        <div class=\"flex flex-col gap-1\">\n                    <div>\n            <span class=\"uppercase\">Resources and Assets<\/span>\n          <\/div>\n          \n                    <div>\n            <h1 class=\"uppercase text-orange-light text-4xl\">Tratamiento<\/h1>\n          <\/div>\n                  <\/div>\n\n                <div>\n          <p>En Estados Unidos, la salud mental se ha convertido en un problema importante. Actualmente se calcula que uno de cada cinco estadounidenses padece alg\u00fan tipo de trastorno mental. La pandemia de COVID-19, que exigi\u00f3 menos interacciones en persona para muchos, contribuy\u00f3 a un deterioro general de la salud mental. <\/p>\n\n        <\/div>\n              <\/div>\n    <\/div>\n  <\/div>\n<\/section>\n\n\n\n<div class=\"wp-block-columns is-layout-flex wp-container-core-columns-is-layout-9d6595d7 wp-block-columns-is-layout-flex\">\n<div class=\"wp-block-column is-layout-flow wp-block-column-is-layout-flow\" style=\"flex-basis:100%\">\n<div class=\"wp-block-group is-layout-constrained wp-block-group-is-layout-constrained\">\n<h3 class=\"wp-block-heading\">Esta p\u00e1gina no ofrece atenci\u00f3n directamente, pero proporciona recursos para ayudarte a encontrar la atenci\u00f3n y la informaci\u00f3n que necesitas.<\/h3>\n\n\n\n<div style=\"height:35px\" aria-hidden=\"true\" class=\"wp-block-spacer\"><\/div>\n\n\n\n<h2 class=\"wp-block-heading\"><a href=\"https:\/\/www.metrocareservices.org\/mental-health-services\/children-teen\/\" target=\"_blank\" rel=\"noreferrer noopener\"><strong><span style=\"text-decoration: underline;\">MetroCare<\/span><\/strong><\/a><\/h2>\n\n\n\n<p>MetroCare se enfoca en los j\u00f3venes, espec\u00edficamente de 3 a 18 a\u00f1os y ofrece opciones de bajo costo y gratuitas. Los servicios de salud mental para ni\u00f1os y adolescentes comprenden muchas opciones de tratamiento, como evaluaci\u00f3n, asesoramiento, desarrollo de habilidades, administraci\u00f3n de medicaci\u00f3n si es necesario y manejo de casos para los ni\u00f1os y sus familias. MetroCare presta tambi\u00e9n servicios m\u00e1s intensivos a ni\u00f1os y adolescentes con antecedentes de suicidio, implicados en el sistema de justicia penal o con problemas para estabilizarse en casa o en la escuela.<\/p>\n\n\n\n<div style=\"height:35px\" aria-hidden=\"true\" class=\"wp-block-spacer\"><\/div>\n\n\n\n<h2 class=\"wp-block-heading\"><strong><a href=\"https:\/\/mhadallas.org\/\" target=\"_blank\" rel=\"noreferrer noopener\"><span style=\"text-decoration: underline;\">Mental Health America of Greater Dallas<\/span><\/a><\/strong><\/h2>\n\n\n\n<p>MHA of Dallas ofrece recursos para madres y beb\u00e9s, bienestar en el lugar de trabajo, detener el estigma general en torno a la salud mental y una serie de <a href=\"https:\/\/mhadallas.org\/screening-tools\/\">herramientas de detecci\u00f3n<\/a> para ayudarte a determinar tus pr\u00f3ximos pasos.<\/p>\n\n\n\n<div style=\"height:35px\" aria-hidden=\"true\" class=\"wp-block-spacer\"><\/div>\n\n\n\n<h2 class=\"wp-block-heading\"><strong><a href=\"https:\/\/mhadallas.org\/\" target=\"_blank\" rel=\"noreferrer noopener\"><span style=\"text-decoration: underline;\">Mental Health America of Greater Dallas<\/span><\/a><\/strong><\/h2>\n\n\n\n<p>MHA of Dallas ofrece recursos para madres y beb\u00e9s, bienestar en el lugar de trabajo, detener el estigma general en torno a la salud mental y una serie de <a href=\"https:\/\/mhadallas.org\/screening-tools\/\">herramientas de detecci\u00f3n<\/a> para ayudarte a determinar tus pr\u00f3ximos pasos.<\/p>\n\n\n\n<div style=\"height:35px\" aria-hidden=\"true\" class=\"wp-block-spacer\"><\/div>\n\n\n\n<h2 class=\"wp-block-heading\"><strong><span style=\"text-decoration: underline;\"><a href=\"https:\/\/www.naminorthtexas.org\/\" target=\"_blank\" rel=\"noreferrer noopener\">National Alliance on Mental Illness \u2013 North Texas<\/a><\/span><\/strong><\/h2>\n\n\n\n<p>NAMI atiende a los condados de Dallas, Rockwall, Denton y Collin. Proporciona recursos de bajo costo o gratuitos para adultos con problemas de salud mental, familias y cuidadores de personas con problemas, as\u00ed como para profesores y escuelas.<\/p>\n\n\n\n<div style=\"height:35px\" aria-hidden=\"true\" class=\"wp-block-spacer\"><\/div>\n\n\n\n<h2 class=\"wp-block-heading\"><strong><span style=\"text-decoration: underline;\"><a href=\"https:\/\/okaytosay.org\/resources\/\" target=\"_blank\" rel=\"noreferrer noopener\">Okay to Say<\/a><\/span><\/strong><\/h2>\n\n\n\n<p>Okay to Say ofrece recursos y ayuda inmediata a familias y adolescentes con problemas de salud mental.<\/p>\n\n\n\n<div style=\"height:35px\" aria-hidden=\"true\" class=\"wp-block-spacer\"><\/div>\n\n\n\n<h2 class=\"wp-block-heading\"><strong>L\u00ednea Nacional de Prevenci\u00f3n del Suicidio<\/strong><\/h2>\n\n\n\n<p>Puedes llamar al tel\u00e9fono <a href=\"http:\/\/1-800-273-TALK\">1-800-273-TALK<\/a>, o <a href=\"http:\/\/1-800-273-8255\">1-800-273-8255<\/a>. Tambi\u00e9n puedes enviar el mensaje HOME al 741741.<\/p>\n\n\n\n<div style=\"height:35px\" aria-hidden=\"true\" class=\"wp-block-spacer\"><\/div>\n\n\n\n<h2 class=\"wp-block-heading\"><strong><a href=\"https:\/\/www.hhs.texas.gov\/services\/mental-health-substance-use\/mental-health-substance-use-resources\/find-your-local-mental-health-or-behavioral-health-authority\" target=\"_blank\" rel=\"noreferrer noopener\"><span style=\"text-decoration: underline;\">Encuentra un recurso local para la salud mental o de conducta<\/span><\/a><\/strong><\/h2>\n\n\n\n<p>Tanto en ingl\u00e9s como en espa\u00f1ol, este sitio ofrece 39 agencias diferentes con las que puedes comunicarte seg\u00fan tu condado y c\u00f3digo postal. Tambi\u00e9n puedes mirar <a href=\"https:\/\/www.hhs.texas.gov\/sites\/default\/files\/documents\/services\/mental-health-substance-use\/local-mental-health-authority-service-areas.pdf\">este mapa<\/a> para ver lo que est\u00e1 disponible donde vives.<\/p>\n\n\n\n<div style=\"height:35px\" aria-hidden=\"true\" class=\"wp-block-spacer\"><\/div>\n\n\n\n<h2 class=\"wp-block-heading\"><a href=\"https:\/\/www.dallascounty.org\/Assets\/uploads\/docs\/district-attorney\/MentalHealth_CommunityResourceGuide.pdf\"><strong><span style=\"text-decoration: underline;\">Gu\u00eda de recursos de salud mental del condado de Dallas<\/span><\/strong><\/a><\/h2>\n\n\n\n<p>Informaci\u00f3n de contacto para el cuidado de adultos, grupos de apoyo, cuidado de adolescentes y m\u00e1s.<\/p>\n\n\n\n<div style=\"height:35px\" aria-hidden=\"true\" class=\"wp-block-spacer\"><\/div>\n\n\n\n<h2 class=\"wp-block-heading\"><a href=\"https:\/\/dallascityhall.com\/departments\/fairhousing\/PublishingImages\/Pages\/ADA-Compliance\/MentalHealthResources.pdf\"><span style=\"text-decoration: underline;\">Recursos de salud mental de la ciudad de Dallas<\/span><\/a><\/h2>\n\n\n\n<p>Lista completa de recursos para personas en Dallas y la regi\u00f3n inmediata.<\/p>\n\n\n\n<div style=\"height:35px\" aria-hidden=\"true\" class=\"wp-block-spacer\"><\/div>\n\n\n\n<h2 class=\"wp-block-heading\"><span style=\"text-decoration: underline;\"><strong>211<\/strong><\/span><\/h2>\n\n\n\n<p>Llama al 211 las 24 horas del d\u00eda para conectarte con una amplia variedad de opciones de salud y servicios humanos, incluyendo a Transicare, que brindar\u00e1 atenci\u00f3n en persona para aquellos en riesgo de lastimarse a s\u00ed mismos y a otros. 211 es la mejor forma de conectarse, aunque te puedes contactar directamente a Transicare al 214-342-5800.<\/p>\n\n\n\n<div style=\"height:35px\" aria-hidden=\"true\" class=\"wp-block-spacer\"><\/div>\n\n\n\n<h2 class=\"wp-block-heading\"><strong><a href=\"https:\/\/behavioralhealthdallas.com\/resources-support\" target=\"_blank\" rel=\"noreferrer noopener\"><span style=\"text-decoration: underline;\">Behavioral Health Dallas<\/span><\/a><\/strong><\/h2>\n\n\n\n<p>Recursos y n\u00fameros para opciones de terapia y tratamiento de bajo costo o sin costo.<\/p>\n\n\n\n<div style=\"height:35px\" aria-hidden=\"true\" class=\"wp-block-spacer\"><\/div>\n\n\n\n<h2 class=\"wp-block-heading\"><strong>L\u00ednea de navegaci\u00f3n de salud mental de Texas<\/strong><\/h2>\n\n\n\n<p>Llama al 972-525-8181. Es una l\u00ednea gratuita que ofrece recursos, orientaci\u00f3n y apoyo para las necesidades de salud mental y abuso de sustancias.<\/p>\n\n\n\n<div style=\"height:35px\" aria-hidden=\"true\" class=\"wp-block-spacer\"><\/div>\n\n\n\n<h2 class=\"wp-block-heading\"><strong><a href=\"https:\/\/www.hhs.texas.gov\/services\/mental-health-substance-use\/mental-health-crisis-services\" target=\"_blank\" rel=\"noreferrer noopener\"><span style=\"text-decoration: underline;\">Large List of Crisis Numbers<\/span><\/a><\/strong><\/h2>\n\n\n\n<p>Encuentra una gran lista de n\u00fameros de crisis para problemas de salud mental organizados por condados y \u00e1reas atendidas.<\/p>\n\n\n\n<div style=\"height:35px\" aria-hidden=\"true\" class=\"wp-block-spacer\"><\/div>\n\n\n\n<h2 class=\"wp-block-heading\"><strong><a href=\"https:\/\/www.freementalhealth.us\/city\/tx-dallas\" target=\"_blank\" rel=\"noreferrer noopener\"><span style=\"text-decoration: underline;\">Opciones gratuitas de salud mental en Dallas<\/span><\/a><\/strong><\/h2>\n\n\n\n<p>Estas opciones proporcionar\u00e1n recursos y apoyo y reuniones\/intervenciones para problemas de salud mental y trastornos por abuso de sustancias de forma gratuita.<\/p>\n\n\n\n<div style=\"height:35px\" aria-hidden=\"true\" class=\"wp-block-spacer\"><\/div>\n\n\n\n<h2 class=\"wp-block-heading\"><strong><a href=\"https:\/\/www.opencounseling.com\/crisis-lines\/texas\/dallas\" target=\"_blank\" rel=\"noreferrer noopener\"><span style=\"text-decoration: underline;\">L\u00edneas de crisis de violaci\u00f3n y salud mental<\/span><\/a><\/strong><\/h2>\n\n\n\n<p>OpenCounseling proporciona varios n\u00fameros para asesor\u00eda por violaci\u00f3n y problemas de salud mental en Dallas y el este de Dallas. Para denunciar una violaci\u00f3n, llame al 911 adem\u00e1s de obtener asesoramiento.<\/p>\n\n\n\n<div style=\"height:35px\" aria-hidden=\"true\" class=\"wp-block-spacer\"><\/div>\n\n\n\n<h2 class=\"wp-block-heading\"><strong><a href=\"https:\/\/www.dallasisd.org\/Page\/66235\" target=\"_blank\" rel=\"noreferrer noopener\"><span style=\"text-decoration: underline;\">Servicios de salud mental basados en las escuelas de Dallas ISD<\/span><\/a><\/strong><\/h2>\n\n\n\n<p>Varios recursos para estudiantes y padres en un solo enlace.<\/p>\n\n\n\n<div style=\"height:35px\" aria-hidden=\"true\" class=\"wp-block-spacer\"><\/div>\n<\/div>\n<\/div>\n<\/div>","protected":false},"excerpt":{"rendered":"<p>This site does not offer care directly, but it provides resources to help you find the care and information you need. MetroCare MetroCare is focused on young people, specifically from ages 3-18 and provides low-cost and free options. Child &amp; Adolescent Mental Health Services include many treatment options such as evaluation, counseling, skills development, medication &hellip; <a href=\"https:\/\/findhelpdc.com\/es\/treatment\/\">Continued<\/a><\/p>","protected":false},"author":1,"featured_media":0,"parent":0,"menu_order":20,"comment_status":"closed","ping_status":"closed","template":"","meta":{"_acf_changed":false,"inline_featured_image":false,"footnotes":""},"class_list":["post-422","page","type-page","status-publish","hentry"],"acf":[],"yoast_head":"<!-- This site is optimized with the Yoast SEO plugin v27.3 - https:\/\/yoast.com\/product\/yoast-seo-wordpress\/ -->\n<title>Treatment | Dallas County Mental Health<\/title>\n<meta name=\"description\" content=\"Exploring Mental Health Treatment: Understand various treatment options and find the support you need for your journey to recovery.\" \/>\n<meta name=\"robots\" content=\"index, follow, max-snippet:-1, max-image-preview:large, max-video-preview:-1\" \/>\n<link rel=\"canonical\" href=\"https:\/\/findhelpdc.com\/es\/treatment\/\" \/>\n<meta property=\"og:locale\" content=\"es_ES\" \/>\n<meta property=\"og:type\" content=\"article\" \/>\n<meta property=\"og:title\" content=\"Treatment | Dallas County Mental Health\" \/>\n<meta property=\"og:description\" content=\"Exploring Mental Health Treatment: Understand various treatment options and find the support you need for your journey to recovery.\" \/>\n<meta property=\"og:url\" content=\"https:\/\/findhelpdc.com\/es\/treatment\/\" \/>\n<meta property=\"og:site_name\" content=\"Dallas County Mental Health\" \/>\n<meta property=\"article:publisher\" content=\"https:\/\/www.facebook.com\/DCHHS\/\" \/>\n<meta property=\"article:modified_time\" content=\"2023-08-28T20:18:00+00:00\" \/>\n<meta property=\"og:image\" content=\"https:\/\/findhelpdc.com\/wp-content\/uploads\/2023\/03\/Slider-2.jpg\" \/>\n\t<meta property=\"og:image:width\" content=\"2048\" \/>\n\t<meta property=\"og:image:height\" content=\"1366\" \/>\n\t<meta property=\"og:image:type\" content=\"image\/jpeg\" \/>\n<meta name=\"twitter:card\" content=\"summary_large_image\" \/>\n<meta name=\"twitter:site\" content=\"@DCHHS\" \/>\n<meta name=\"twitter:label1\" content=\"Est. reading time\" \/>\n\t<meta name=\"twitter:data1\" content=\"3 minutes\" \/>\n<script type=\"application\/ld+json\" class=\"yoast-schema-graph\">{\"@context\":\"https:\\\/\\\/schema.org\",\"@graph\":[{\"@type\":\"WebPage\",\"@id\":\"https:\\\/\\\/findhelpdc.com\\\/treatment\\\/\",\"url\":\"https:\\\/\\\/findhelpdc.com\\\/treatment\\\/\",\"name\":\"Treatment | Dallas County Mental Health\",\"isPartOf\":{\"@id\":\"https:\\\/\\\/findhelpdc.com\\\/#website\"},\"datePublished\":\"2023-03-16T17:47:12+00:00\",\"dateModified\":\"2023-08-28T20:18:00+00:00\",\"description\":\"Exploring Mental Health Treatment: Understand various treatment options and find the support you need for your journey to recovery.\",\"breadcrumb\":{\"@id\":\"https:\\\/\\\/findhelpdc.com\\\/treatment\\\/#breadcrumb\"},\"inLanguage\":\"es-ES\",\"potentialAction\":[{\"@type\":\"ReadAction\",\"target\":[\"https:\\\/\\\/findhelpdc.com\\\/treatment\\\/\"]}]},{\"@type\":\"BreadcrumbList\",\"@id\":\"https:\\\/\\\/findhelpdc.com\\\/treatment\\\/#breadcrumb\",\"itemListElement\":[{\"@type\":\"ListItem\",\"position\":1,\"name\":\"Home\",\"item\":\"https:\\\/\\\/findhelpdc.com\\\/\"},{\"@type\":\"ListItem\",\"position\":2,\"name\":\"Treatment\"}]},{\"@type\":\"WebSite\",\"@id\":\"https:\\\/\\\/findhelpdc.com\\\/#website\",\"url\":\"https:\\\/\\\/findhelpdc.com\\\/\",\"name\":\"Dallas County Mental Health\",\"description\":\"Get Help. Find Hope.\",\"publisher\":{\"@id\":\"https:\\\/\\\/findhelpdc.com\\\/#organization\"},\"potentialAction\":[{\"@type\":\"SearchAction\",\"target\":{\"@type\":\"EntryPoint\",\"urlTemplate\":\"https:\\\/\\\/findhelpdc.com\\\/?s={search_term_string}\"},\"query-input\":{\"@type\":\"PropertyValueSpecification\",\"valueRequired\":true,\"valueName\":\"search_term_string\"}}],\"inLanguage\":\"es-ES\"},{\"@type\":\"Organization\",\"@id\":\"https:\\\/\\\/findhelpdc.com\\\/#organization\",\"name\":\"Dallas County Mental Health\",\"url\":\"https:\\\/\\\/findhelpdc.com\\\/\",\"logo\":{\"@type\":\"ImageObject\",\"inLanguage\":\"es-ES\",\"@id\":\"https:\\\/\\\/findhelpdc.com\\\/#\\\/schema\\\/logo\\\/image\\\/\",\"url\":\"https:\\\/\\\/findhelpdc.com\\\/wp-content\\\/uploads\\\/2022\\\/12\\\/logo.png\",\"contentUrl\":\"https:\\\/\\\/findhelpdc.com\\\/wp-content\\\/uploads\\\/2022\\\/12\\\/logo.png\",\"width\":189,\"height\":189,\"caption\":\"Dallas County Mental Health\"},\"image\":{\"@id\":\"https:\\\/\\\/findhelpdc.com\\\/#\\\/schema\\\/logo\\\/image\\\/\"},\"sameAs\":[\"https:\\\/\\\/www.facebook.com\\\/DCHHS\\\/\",\"https:\\\/\\\/x.com\\\/DCHHS\"]}]}<\/script>\n<!-- \/ Yoast SEO plugin. -->","yoast_head_json":{"title":"Tratamiento | Salud mental del condado de Dallas","description":"Explore el tratamiento de la salud mental: descubra las diversas opciones de tratamiento y encuentre el apoyo que necesita para su proceso de recuperaci\u00f3n.","robots":{"index":"index","follow":"follow","max-snippet":"max-snippet:-1","max-image-preview":"max-image-preview:large","max-video-preview":"max-video-preview:-1"},"canonical":"https:\/\/findhelpdc.com\/es\/treatment\/","og_locale":"es_ES","og_type":"article","og_title":"Treatment | Dallas County Mental Health","og_description":"Exploring Mental Health Treatment: Understand various treatment options and find the support you need for your journey to recovery.","og_url":"https:\/\/findhelpdc.com\/es\/treatment\/","og_site_name":"Dallas County Mental Health","article_publisher":"https:\/\/www.facebook.com\/DCHHS\/","article_modified_time":"2023-08-28T20:18:00+00:00","og_image":[{"width":2048,"height":1366,"url":"https:\/\/findhelpdc.com\/wp-content\/uploads\/2023\/03\/Slider-2.jpg","type":"image\/jpeg"}],"twitter_card":"summary_large_image","twitter_site":"@DCHHS","twitter_misc":{"Est. reading time":"3 minutes"},"schema":{"@context":"https:\/\/schema.org","@graph":[{"@type":"WebPage","@id":"https:\/\/findhelpdc.com\/treatment\/","url":"https:\/\/findhelpdc.com\/treatment\/","name":"Tratamiento | Salud mental del condado de Dallas","isPartOf":{"@id":"https:\/\/findhelpdc.com\/#website"},"datePublished":"2023-03-16T17:47:12+00:00","dateModified":"2023-08-28T20:18:00+00:00","description":"Explore el tratamiento de la salud mental: descubra las diversas opciones de tratamiento y encuentre el apoyo que necesita para su proceso de recuperaci\u00f3n.","breadcrumb":{"@id":"https:\/\/findhelpdc.com\/treatment\/#breadcrumb"},"inLanguage":"es-ES","potentialAction":[{"@type":"ReadAction","target":["https:\/\/findhelpdc.com\/treatment\/"]}]},{"@type":"BreadcrumbList","@id":"https:\/\/findhelpdc.com\/treatment\/#breadcrumb","itemListElement":[{"@type":"ListItem","position":1,"name":"Home","item":"https:\/\/findhelpdc.com\/"},{"@type":"ListItem","position":2,"name":"Treatment"}]},{"@type":"WebSite","@id":"https:\/\/findhelpdc.com\/#website","url":"https:\/\/findhelpdc.com\/","name":"Dallas County Mental Health","description":"Get Help. Find Hope.","publisher":{"@id":"https:\/\/findhelpdc.com\/#organization"},"potentialAction":[{"@type":"SearchAction","target":{"@type":"EntryPoint","urlTemplate":"https:\/\/findhelpdc.com\/?s={search_term_string}"},"query-input":{"@type":"PropertyValueSpecification","valueRequired":true,"valueName":"search_term_string"}}],"inLanguage":"es-ES"},{"@type":"Organization","@id":"https:\/\/findhelpdc.com\/#organization","name":"Dallas County Mental Health","url":"https:\/\/findhelpdc.com\/","logo":{"@type":"ImageObject","inLanguage":"es-ES","@id":"https:\/\/findhelpdc.com\/#\/schema\/logo\/image\/","url":"https:\/\/findhelpdc.com\/wp-content\/uploads\/2022\/12\/logo.png","contentUrl":"https:\/\/findhelpdc.com\/wp-content\/uploads\/2022\/12\/logo.png","width":189,"height":189,"caption":"Dallas County Mental Health"},"image":{"@id":"https:\/\/findhelpdc.com\/#\/schema\/logo\/image\/"},"sameAs":["https:\/\/www.facebook.com\/DCHHS\/","https:\/\/x.com\/DCHHS"]}]}},"_links":{"self":[{"href":"https:\/\/findhelpdc.com\/es\/wp-json\/wp\/v2\/pages\/422","targetHints":{"allow":["GET"]}}],"collection":[{"href":"https:\/\/findhelpdc.com\/es\/wp-json\/wp\/v2\/pages"}],"about":[{"href":"https:\/\/findhelpdc.com\/es\/wp-json\/wp\/v2\/types\/page"}],"author":[{"embeddable":true,"href":"https:\/\/findhelpdc.com\/es\/wp-json\/wp\/v2\/users\/1"}],"replies":[{"embeddable":true,"href":"https:\/\/findhelpdc.com\/es\/wp-json\/wp\/v2\/comments?post=422"}],"version-history":[{"count":13,"href":"https:\/\/findhelpdc.com\/es\/wp-json\/wp\/v2\/pages\/422\/revisions"}],"predecessor-version":[{"id":1550,"href":"https:\/\/findhelpdc.com\/es\/wp-json\/wp\/v2\/pages\/422\/revisions\/1550"}],"wp:attachment":[{"href":"https:\/\/findhelpdc.com\/es\/wp-json\/wp\/v2\/media?parent=422"}],"curies":[{"name":"wp","href":"https:\/\/api.w.org\/{rel}","templated":true}]}}