{"id":420,"date":"2023-03-16T12:47:12","date_gmt":"2023-03-16T17:47:12","guid":{"rendered":"http:\/\/findhelpdc.local\/resources\/community\/"},"modified":"2023-08-28T15:20:07","modified_gmt":"2023-08-28T20:20:07","slug":"community","status":"publish","type":"page","link":"https:\/\/findhelpdc.com\/es\/community\/","title":{"rendered":"Comunidad"},"content":{"rendered":"\n<div class=\"wp-block-group alignfull is-layout-flow wp-block-group-is-layout-flow\"><section data-block=\"hero\" data-block_a09089e7673c41b6180fda21717daec5 class=\"hero alignfull\">\n  <div class=\"relative\">\n    <div class=\"\">\n      <div class=\"glide__track\" data-glide-el=\"track\">\n        <div class=\"glide__slides h-full\">\n                    \n          <div class=\"glide__slide\">\n            <div class=\"-md:aspect-[9\/10] md:min-h-screen-minus-header relative flex\">\n            \n                            <img decoding=\"async\" width=\"2048\" height=\"1366\" data-src=\"https:\/\/findhelpdc.com\/wp-content\/uploads\/2023\/03\/community-2.jpg\" class=\"md:hidden absolute top-0 left-0 object-cover w-full h-full pointer-events-none lazyload\" alt=\"woman dancing\" data-srcset=\"https:\/\/findhelpdc.com\/wp-content\/uploads\/2023\/03\/community-2.jpg 2048w, https:\/\/findhelpdc.com\/wp-content\/uploads\/2023\/03\/community-2-300x200.jpg 300w, https:\/\/findhelpdc.com\/wp-content\/uploads\/2023\/03\/community-2-1024x683.jpg 1024w, https:\/\/findhelpdc.com\/wp-content\/uploads\/2023\/03\/community-2-768x512.jpg 768w, https:\/\/findhelpdc.com\/wp-content\/uploads\/2023\/03\/community-2-1536x1025.jpg 1536w, https:\/\/findhelpdc.com\/wp-content\/uploads\/2023\/03\/community-2-18x12.jpg 18w\" data-sizes=\"(max-width: 2048px) 100vw, 2048px\" src=\"data:image\/svg+xml;base64,PHN2ZyB3aWR0aD0iMSIgaGVpZ2h0PSIxIiB4bWxucz0iaHR0cDovL3d3dy53My5vcmcvMjAwMC9zdmciPjwvc3ZnPg==\" style=\"--smush-placeholder-width: 2048px; --smush-placeholder-aspect-ratio: 2048\/1366;\" \/>\n              \n              <img decoding=\"async\" width=\"2048\" height=\"1366\" data-src=\"https:\/\/findhelpdc.com\/wp-content\/uploads\/2023\/03\/community-2.jpg\" class=\"-md:hidden absolute top-0 left-0 object-cover w-full h-full pointer-events-none lazyload\" alt=\"woman dancing\" data-srcset=\"https:\/\/findhelpdc.com\/wp-content\/uploads\/2023\/03\/community-2.jpg 2048w, https:\/\/findhelpdc.com\/wp-content\/uploads\/2023\/03\/community-2-300x200.jpg 300w, https:\/\/findhelpdc.com\/wp-content\/uploads\/2023\/03\/community-2-1024x683.jpg 1024w, https:\/\/findhelpdc.com\/wp-content\/uploads\/2023\/03\/community-2-768x512.jpg 768w, https:\/\/findhelpdc.com\/wp-content\/uploads\/2023\/03\/community-2-1536x1025.jpg 1536w, https:\/\/findhelpdc.com\/wp-content\/uploads\/2023\/03\/community-2-18x12.jpg 18w\" data-sizes=\"(max-width: 2048px) 100vw, 2048px\" src=\"data:image\/svg+xml;base64,PHN2ZyB3aWR0aD0iMSIgaGVpZ2h0PSIxIiB4bWxucz0iaHR0cDovL3d3dy53My5vcmcvMjAwMC9zdmciPjwvc3ZnPg==\" style=\"--smush-placeholder-width: 2048px; --smush-placeholder-aspect-ratio: 2048\/1366;\" \/>\n              \n              <div class=\"absolute md:relative text-white flex-1 flex items-center\">\n                <div class=\"container py-[8vw] md:pt-16 md:pb-[calc(4rem_+_110px)] -md:px-[5vw]\">\n                  <div class=\"flex flex-col gap-6\">\n                                        <div class=\"flex flex-col gap-2\">\n                                            <div style=\"max-width: 600px;\">\n                        <h1 class=\"uppercase leading-none text-shadow--xs -md:text-[8vw] md:text-[4.5rem]\">\n                          MENTAL HEALTH HAS BECOME A SERIOUS PROBLEM.\n                        <\/h1>\n                      <\/div>\n                      \n                                          <\/div>\n                    \n                                      <\/div>\n                <\/div>\n              <\/div>\n            <\/div>\n          <\/div>\n                  <\/div>\n      <\/div>\n\n          <\/div>\n\n        <div class=\"md:absolute bottom-0 left-0 w-full md:text-center\">\n      <div\n        class=\"md:max-w-[800px] md:inline-block p-4 md:px-16 md:pb-0 md:rounded-t-3xl bg-blue text-white md:text-lg flex flex-col -md:gap-2 -mb-[1px]\">\n        \n                <div>\n          <p>This site does not offer care directly, but it provides resources to help you find the care and information you need.<\/p>\n\n        <\/div>\n              <\/div>\n\n      <div class=\"-md:hidden bg-blue h-[60px]\"><\/div>\n    <\/div>\n      <\/div>\n<\/section>\n\n\n\n<div class=\"wp-block-group alignfull is-layout-flow wp-block-group-is-layout-flow\"><section data-block=\"two-column\" data-block_40ecd3dd22ea0fd9e1493f9103c92847 class=\"two-column-text alignfull\">\n  <div class=\"bg-blue-light text-white\">\n    <div class=\"container py-4 xl:py-16\">\n      <div class=\"flex flex-col xl:flex-row gap-4 xl:gap-8\">\n                  <div class=\"basis-1\/3\">\n            <h2>Men<\/h2>\n          <\/div>\n        \n                  <div class=\"basis-3\/4\">\n            <p>Guys are less likely to seek help. Unfortunately, society has promoted the myth that mental health challenges mean a man is \u201cweak\u201d in some way. This is completely false. The first step is to realize feeling depressed or anxious \u2014 or something more serious \u2014 is NOT weak, and some of the mentally toughest and physically strongest men you\u2019ll meet have experienced the same thing. More men seeking needed treatment begins with ending stigma. Beyond finding resources on this site, here are some things you can do:<\/p>\n<ul>\n<li>Work out or move 3-5 times per week.<\/li>\n<li>Join a group or community to find others to speak and interact with.<\/li>\n<li>Journal your feelings.<\/li>\n<li>Meditate.<\/li>\n<li>Remind yourself that all emotions can be regulated and overcome.<\/li>\n<\/ul>\n\n          <\/div>\n              <\/div>\n    <\/div>\n  <\/div>\n<\/section>\n<\/div>\n<\/div>\n\n\n\n<div class=\"wp-block-group is-layout-constrained wp-block-group-is-layout-constrained\"><section data-block=\"panel\" data-block_0281a3e7f9a99a1d33db854c0c84adb3 class=\"panel alignnone h-full\">\n  <div class=\"container\">\n    <div class=\"text-white rounded-3xl p-8 h-full flex flex-col sm:flex-row items-center gap-y-4 gap-x-12\" style=\"background-color: #F7AC4A;\">\n              <span class=\"text-white\/50 text-7xl xl:text-8xl font-bold whitespace-nowrap\">\n          Nearly 1 in 10  \n        <\/span>\n            \n              \n        <span class=\"flex-grow text-xl xl:text-2xl font-bold -md:text-center\">\n          men experience some form of depression or anxiety but less than half seek treatment.\n        <\/span>\n          <\/div>\n  <\/div>\n<\/section><\/div>\n\n\n\n<div class=\"wp-block-group alignfull is-layout-flow wp-block-group-is-layout-flow\">\n<div class=\"wp-block-group alignfull is-layout-flow wp-block-group-is-layout-flow\"><\/div>\n\n\n\n<div class=\"wp-block-group alignfull is-layout-flow wp-block-group-is-layout-flow\"><section data-block=\"two-column\" data-block_ee8df7a022efe8d23c696a2e4d62ca02 class=\"two-column-text alignfull\">\n  <div class=\"bg-blue-light text-white\">\n    <div class=\"container py-4 xl:py-16\">\n      <div class=\"flex flex-col xl:flex-row gap-4 xl:gap-8\">\n                  <div class=\"basis-1\/3\">\n            <h2>Women<\/h2>\n          <\/div>\n        \n                  <div class=\"basis-3\/4\">\n            <p>The specific challenges of female mental health can vary, but many are tied to caregiving, job stresses, fear of not being a good partner or mother, and generalized anxiety. Women should look for resources throughout this site but also:<\/p>\n<ul>\n<li>Find 3-4 hours a week of alone, focused time if possible.<\/li>\n<li>Make plans to eat healthier.<\/li>\n<li>Meditate, move, walk, etc.<\/li>\n<li>Find options for quality time with children, even if just reading a simple story.<\/li>\n<li>Seek out more options for help and guidance.<\/li>\n<\/ul>\n\n          <\/div>\n              <\/div>\n    <\/div>\n  <\/div>\n<\/section>\n<\/div>\n\n\n\n<div class=\"wp-block-group alignfull is-layout-flow wp-block-group-is-layout-flow\">\n<div style=\"height:41px\" aria-hidden=\"true\" class=\"wp-block-spacer\"><\/div>\n\n\n<section data-block=\"panel\" data-block_935cff953663413c0ec86ff959a41d9a class=\"panel alignnone h-full\">\n  <div class=\"container\">\n    <div class=\"text-white rounded-3xl p-8 h-full flex flex-col sm:flex-row items-center gap-y-4 gap-x-12\" style=\"background-color: #F7AC4A;\">\n            \n              \n        <span class=\"flex-grow text-xl xl:text-2xl font-bold -md:text-center\">\n          Women experience twice the rate of depression as men, regardless of race or ethnic background. An estimated one in eight women will contend with a major depression in their lifetimes.\n        <\/span>\n          <\/div>\n  <\/div>\n<\/section><\/div>\n<\/div>\n\n\n\n<div class=\"wp-block-group alignfull is-layout-flow wp-block-group-is-layout-flow\">\n<div class=\"wp-block-group alignfull is-layout-flow wp-block-group-is-layout-flow\"><\/div>\n\n\n\n<div class=\"wp-block-group alignfull is-layout-flow wp-block-group-is-layout-flow\"><section data-block=\"two-column\" data-block_dfcca3c7c9395be3db6f30c0b735c309 class=\"two-column-text alignfull\">\n  <div class=\"bg-blue-light text-white\">\n    <div class=\"container py-4 xl:py-16\">\n      <div class=\"flex flex-col xl:flex-row gap-4 xl:gap-8\">\n                  <div class=\"basis-1\/3\">\n            <h2>LGBTQIA+<\/h2>\n          <\/div>\n        \n                  <div class=\"basis-3\/4\">\n            <p>Unfortunately, the LBGTQIA+ community is still marginalized in many respects. While there has been progress and greater understanding in recent years, there is still negativity and hate directed towards the LBGTQIA+ community. If you are facing discrimination or problems in the community because of your identity, we want to point you towards important resources. Consider looking at the <span style=\"text-decoration: underline;\"><a href=\"https:\/\/www.myresourcecenter.org\/\">Resource Center<\/a><\/span>, the <span style=\"text-decoration: underline;\"><a href=\"https:\/\/www.dallasisd.org\/Page\/56987\">Dallas ISD resources<\/a><\/span>, or the <a href=\"https:\/\/dallaspride.org\/participant\/resource-center\/\"><span style=\"text-decoration: underline;\">Dallas Pride Resource Center<\/span>.<\/a><\/p>\n\n          <\/div>\n              <\/div>\n    <\/div>\n  <\/div>\n<\/section>\n<\/div>\n\n\n\n<div class=\"wp-block-group alignfull is-layout-flow wp-block-group-is-layout-flow\"><\/div>\n<\/div>\n\n\n\n<div class=\"wp-block-group is-layout-constrained wp-block-group-is-layout-constrained\"><section data-block=\"panel\" data-block_579bab2b3760cdd9bc24f027dd58194a class=\"panel alignnone h-full\">\n  <div class=\"container\">\n    <div class=\"text-white rounded-3xl p-8 h-full flex flex-col sm:flex-row items-center gap-y-4 gap-x-12\" style=\"background-color: #F7AC4A;\">\n              <span class=\"text-white\/50 text-7xl xl:text-8xl font-bold whitespace-nowrap\">\n          45%\n        <\/span>\n            \n              \n        <span class=\"flex-grow text-xl xl:text-2xl font-bold -md:text-center\">\n          of LGBTQIA+ youth seriously considered attempting suicide in the past year.\n        <\/span>\n          <\/div>\n  <\/div>\n<\/section><\/div>\n\n\n<section data-block=\"cards-aside\" data-block_ab8cb8a770c1cbe666d53184b8f922e1 class=\"cards-aside alignnone\" style=\"--card-width-mobile: 210px; --card-width-desktop: 42%;\">\n  <div class=\"bg-blue text-white text-center lg:text-left\">\n    <div class=\"container py-8 lg:py-24\">\n      <div class=\"lg:max-w-[50%]\">\n        <h2 class=\"lg:text-2xl xl:text-3xl\">\n          We\u2019re here to help. <br class=\"-lg:hidden\">\n          Find the resources and information you need today.\n        <\/h2>\n      <\/div>\n    <\/div>\n  <\/div>\n\n  <div class=\"relative\">\n    <div class=\"lg:hidden absolute -top-[1px] left-0 w-full h-1\/3 bg-blue\"><\/div>\n\n    <div class=\"container -lg:px-0 pb-4 lg:flex justify-end\">\n      <div class=\"w-full lg:max-w-[50%] lg:-mt-[240px]\">\n        <div class=\"overflow-auto\">\n                    <div class=\"flex overflow-center\">\n                        \n            <div class=\"card-container flex-shrink-0\">\n              <div\n                class=\"w-full bg-neutral relative rounded-3xl overflow-hidden aspect-[21\/33] hover-img--scale\">\n                                <div class=\"absolute top-0 left-0 w-full h-full\">\n                  <img decoding=\"async\" width=\"936\" height=\"1403\" data-src=\"https:\/\/findhelpdc.com\/wp-content\/uploads\/2023\/03\/Help-For-Myself.jpg\" class=\"w-full h-full\n                  object-cover lazyload\" alt=\"Woman practicing pranayama in yoga studio\" data-srcset=\"https:\/\/findhelpdc.com\/wp-content\/uploads\/2023\/03\/Help-For-Myself.jpg 936w, https:\/\/findhelpdc.com\/wp-content\/uploads\/2023\/03\/Help-For-Myself-200x300.jpg 200w, https:\/\/findhelpdc.com\/wp-content\/uploads\/2023\/03\/Help-For-Myself-683x1024.jpg 683w, https:\/\/findhelpdc.com\/wp-content\/uploads\/2023\/03\/Help-For-Myself-768x1151.jpg 768w, https:\/\/findhelpdc.com\/wp-content\/uploads\/2023\/03\/Help-For-Myself-8x12.jpg 8w\" data-sizes=\"(max-width: 936px) 100vw, 936px\" src=\"data:image\/svg+xml;base64,PHN2ZyB3aWR0aD0iMSIgaGVpZ2h0PSIxIiB4bWxucz0iaHR0cDovL3d3dy53My5vcmcvMjAwMC9zdmciPjwvc3ZnPg==\" style=\"--smush-placeholder-width: 936px; --smush-placeholder-aspect-ratio: 936\/1403;\" \/>\n                <\/div>\n                \n                <div class=\"absolute top-0 left-0 w-full h-full text-center p-4 xl:p-8 flex flex-col justify-between\">\n                  <div>\n                    <span\n                      class=\"block text-white uppercase font-bold leading-tight text-shadow text-shadow xl:text-[1.2rem]\">Help For<br \/>\r\nMyself<\/span>\n                  <\/div>\n\n                  <div>\n                                        <a href=\"https:\/\/findhelpdc.com\/what-can-i-do\/\" target=\"_self\"\n                      class=\"after:absolute after:inset-0 self-end btn btn--rounded btn--outline btn--outline--white btn--shadow lg:text-[1rem] xl:text-[1.2rem]\">\n                      Learn More\n                    <\/a>\n                                      <\/div>\n                <\/div>\n              <\/div>\n            <\/div>\n                        \n            <div class=\"card-container flex-shrink-0\">\n              <div\n                class=\"w-full bg-neutral relative rounded-3xl overflow-hidden aspect-[21\/33] hover-img--scale\">\n                                <div class=\"absolute top-0 left-0 w-full h-full\">\n                  <img decoding=\"async\" width=\"667\" height=\"1000\" data-src=\"https:\/\/findhelpdc.com\/wp-content\/uploads\/2023\/03\/Help-For-Others.jpg\" class=\"w-full h-full\n                  object-cover lazyload\" alt=\"group of young kids posing while skating\" data-srcset=\"https:\/\/findhelpdc.com\/wp-content\/uploads\/2023\/03\/Help-For-Others.jpg 667w, https:\/\/findhelpdc.com\/wp-content\/uploads\/2023\/03\/Help-For-Others-200x300.jpg 200w, https:\/\/findhelpdc.com\/wp-content\/uploads\/2023\/03\/Help-For-Others-8x12.jpg 8w\" data-sizes=\"(max-width: 667px) 100vw, 667px\" src=\"data:image\/svg+xml;base64,PHN2ZyB3aWR0aD0iMSIgaGVpZ2h0PSIxIiB4bWxucz0iaHR0cDovL3d3dy53My5vcmcvMjAwMC9zdmciPjwvc3ZnPg==\" style=\"--smush-placeholder-width: 667px; --smush-placeholder-aspect-ratio: 667\/1000;\" \/>\n                <\/div>\n                \n                <div class=\"absolute top-0 left-0 w-full h-full text-center p-4 xl:p-8 flex flex-col justify-between\">\n                  <div>\n                    <span\n                      class=\"block text-white uppercase font-bold leading-tight text-shadow text-shadow xl:text-[1.2rem]\">Help For<br \/>\r\nOthers<\/span>\n                  <\/div>\n\n                  <div>\n                                        <a href=\"https:\/\/findhelpdc.com\/what-can-i-do\/\" target=\"_self\"\n                      class=\"after:absolute after:inset-0 self-end btn btn--rounded btn--outline btn--outline--white btn--shadow lg:text-[1rem] xl:text-[1.2rem]\">\n                      Learn More\n                    <\/a>\n                                      <\/div>\n                <\/div>\n              <\/div>\n            <\/div>\n                      <\/div>\n                  <\/div>\n      <\/div>\n    <\/div>\n  <\/div>\n<\/section>\n","protected":false},"excerpt":{"rendered":"","protected":false},"author":1,"featured_media":0,"parent":0,"menu_order":18,"comment_status":"closed","ping_status":"closed","template":"","meta":{"_acf_changed":false,"inline_featured_image":false,"footnotes":""},"class_list":["post-420","page","type-page","status-publish","hentry"],"acf":[],"yoast_head":"<!-- This site is optimized with the Yoast SEO plugin v27.3 - https:\/\/yoast.com\/product\/yoast-seo-wordpress\/ -->\n<title>Community | Dallas County Mental Health<\/title>\n<meta name=\"description\" content=\"Join the Mental Health Community: Connect with others, find support, and access resources that foster understanding and growth.\" \/>\n<meta name=\"robots\" content=\"index, follow, max-snippet:-1, max-image-preview:large, max-video-preview:-1\" \/>\n<link rel=\"canonical\" href=\"https:\/\/findhelpdc.com\/es\/community\/\" \/>\n<meta property=\"og:locale\" content=\"es_ES\" \/>\n<meta property=\"og:type\" content=\"article\" \/>\n<meta property=\"og:title\" content=\"Community | Dallas County Mental Health\" \/>\n<meta property=\"og:description\" content=\"Join the Mental Health Community: Connect with others, find support, and access resources that foster understanding and growth.\" \/>\n<meta property=\"og:url\" content=\"https:\/\/findhelpdc.com\/es\/community\/\" \/>\n<meta property=\"og:site_name\" content=\"Dallas County Mental Health\" \/>\n<meta property=\"article:publisher\" content=\"https:\/\/www.facebook.com\/DCHHS\/\" \/>\n<meta property=\"article:modified_time\" content=\"2023-08-28T20:20:07+00:00\" \/>\n<meta property=\"og:image\" content=\"https:\/\/findhelpdc.com\/wp-content\/uploads\/2023\/03\/Slider-2.jpg\" \/>\n\t<meta property=\"og:image:width\" content=\"2048\" \/>\n\t<meta property=\"og:image:height\" content=\"1366\" \/>\n\t<meta property=\"og:image:type\" content=\"image\/jpeg\" \/>\n<meta name=\"twitter:card\" content=\"summary_large_image\" \/>\n<meta name=\"twitter:site\" content=\"@DCHHS\" \/>\n<script type=\"application\/ld+json\" class=\"yoast-schema-graph\">{\"@context\":\"https:\\\/\\\/schema.org\",\"@graph\":[{\"@type\":\"WebPage\",\"@id\":\"https:\\\/\\\/findhelpdc.com\\\/community\\\/\",\"url\":\"https:\\\/\\\/findhelpdc.com\\\/community\\\/\",\"name\":\"Community | Dallas County Mental Health\",\"isPartOf\":{\"@id\":\"https:\\\/\\\/findhelpdc.com\\\/#website\"},\"datePublished\":\"2023-03-16T17:47:12+00:00\",\"dateModified\":\"2023-08-28T20:20:07+00:00\",\"description\":\"Join the Mental Health Community: Connect with others, find support, and access resources that foster understanding and growth.\",\"breadcrumb\":{\"@id\":\"https:\\\/\\\/findhelpdc.com\\\/community\\\/#breadcrumb\"},\"inLanguage\":\"es-ES\",\"potentialAction\":[{\"@type\":\"ReadAction\",\"target\":[\"https:\\\/\\\/findhelpdc.com\\\/community\\\/\"]}]},{\"@type\":\"BreadcrumbList\",\"@id\":\"https:\\\/\\\/findhelpdc.com\\\/community\\\/#breadcrumb\",\"itemListElement\":[{\"@type\":\"ListItem\",\"position\":1,\"name\":\"Home\",\"item\":\"https:\\\/\\\/findhelpdc.com\\\/\"},{\"@type\":\"ListItem\",\"position\":2,\"name\":\"Community\"}]},{\"@type\":\"WebSite\",\"@id\":\"https:\\\/\\\/findhelpdc.com\\\/#website\",\"url\":\"https:\\\/\\\/findhelpdc.com\\\/\",\"name\":\"Dallas County Mental Health\",\"description\":\"Get Help. Find Hope.\",\"publisher\":{\"@id\":\"https:\\\/\\\/findhelpdc.com\\\/#organization\"},\"potentialAction\":[{\"@type\":\"SearchAction\",\"target\":{\"@type\":\"EntryPoint\",\"urlTemplate\":\"https:\\\/\\\/findhelpdc.com\\\/?s={search_term_string}\"},\"query-input\":{\"@type\":\"PropertyValueSpecification\",\"valueRequired\":true,\"valueName\":\"search_term_string\"}}],\"inLanguage\":\"es-ES\"},{\"@type\":\"Organization\",\"@id\":\"https:\\\/\\\/findhelpdc.com\\\/#organization\",\"name\":\"Dallas County Mental Health\",\"url\":\"https:\\\/\\\/findhelpdc.com\\\/\",\"logo\":{\"@type\":\"ImageObject\",\"inLanguage\":\"es-ES\",\"@id\":\"https:\\\/\\\/findhelpdc.com\\\/#\\\/schema\\\/logo\\\/image\\\/\",\"url\":\"https:\\\/\\\/findhelpdc.com\\\/wp-content\\\/uploads\\\/2022\\\/12\\\/logo.png\",\"contentUrl\":\"https:\\\/\\\/findhelpdc.com\\\/wp-content\\\/uploads\\\/2022\\\/12\\\/logo.png\",\"width\":189,\"height\":189,\"caption\":\"Dallas County Mental Health\"},\"image\":{\"@id\":\"https:\\\/\\\/findhelpdc.com\\\/#\\\/schema\\\/logo\\\/image\\\/\"},\"sameAs\":[\"https:\\\/\\\/www.facebook.com\\\/DCHHS\\\/\",\"https:\\\/\\\/x.com\\\/DCHHS\"]}]}<\/script>\n<!-- \/ Yoast SEO plugin. -->","yoast_head_json":{"title":"Comunidad | Salud mental del condado de Dallas","description":"\u00danase a la comunidad de salud mental: relaci\u00f3nese con otras personas, encuentre apoyo y acceda a recursos que fomentan la comprensi\u00f3n y el crecimiento.","robots":{"index":"index","follow":"follow","max-snippet":"max-snippet:-1","max-image-preview":"max-image-preview:large","max-video-preview":"max-video-preview:-1"},"canonical":"https:\/\/findhelpdc.com\/es\/community\/","og_locale":"es_ES","og_type":"article","og_title":"Community | Dallas County Mental Health","og_description":"Join the Mental Health Community: Connect with others, find support, and access resources that foster understanding and growth.","og_url":"https:\/\/findhelpdc.com\/es\/community\/","og_site_name":"Dallas County Mental Health","article_publisher":"https:\/\/www.facebook.com\/DCHHS\/","article_modified_time":"2023-08-28T20:20:07+00:00","og_image":[{"width":2048,"height":1366,"url":"https:\/\/findhelpdc.com\/wp-content\/uploads\/2023\/03\/Slider-2.jpg","type":"image\/jpeg"}],"twitter_card":"summary_large_image","twitter_site":"@DCHHS","schema":{"@context":"https:\/\/schema.org","@graph":[{"@type":"WebPage","@id":"https:\/\/findhelpdc.com\/community\/","url":"https:\/\/findhelpdc.com\/community\/","name":"Comunidad | Salud mental del condado de Dallas","isPartOf":{"@id":"https:\/\/findhelpdc.com\/#website"},"datePublished":"2023-03-16T17:47:12+00:00","dateModified":"2023-08-28T20:20:07+00:00","description":"\u00danase a la comunidad de salud mental: relaci\u00f3nese con otras personas, encuentre apoyo y acceda a recursos que fomentan la comprensi\u00f3n y el crecimiento.","breadcrumb":{"@id":"https:\/\/findhelpdc.com\/community\/#breadcrumb"},"inLanguage":"es-ES","potentialAction":[{"@type":"ReadAction","target":["https:\/\/findhelpdc.com\/community\/"]}]},{"@type":"BreadcrumbList","@id":"https:\/\/findhelpdc.com\/community\/#breadcrumb","itemListElement":[{"@type":"ListItem","position":1,"name":"Home","item":"https:\/\/findhelpdc.com\/"},{"@type":"ListItem","position":2,"name":"Community"}]},{"@type":"WebSite","@id":"https:\/\/findhelpdc.com\/#website","url":"https:\/\/findhelpdc.com\/","name":"Dallas County Mental Health","description":"Get Help. Find Hope.","publisher":{"@id":"https:\/\/findhelpdc.com\/#organization"},"potentialAction":[{"@type":"SearchAction","target":{"@type":"EntryPoint","urlTemplate":"https:\/\/findhelpdc.com\/?s={search_term_string}"},"query-input":{"@type":"PropertyValueSpecification","valueRequired":true,"valueName":"search_term_string"}}],"inLanguage":"es-ES"},{"@type":"Organization","@id":"https:\/\/findhelpdc.com\/#organization","name":"Dallas County Mental Health","url":"https:\/\/findhelpdc.com\/","logo":{"@type":"ImageObject","inLanguage":"es-ES","@id":"https:\/\/findhelpdc.com\/#\/schema\/logo\/image\/","url":"https:\/\/findhelpdc.com\/wp-content\/uploads\/2022\/12\/logo.png","contentUrl":"https:\/\/findhelpdc.com\/wp-content\/uploads\/2022\/12\/logo.png","width":189,"height":189,"caption":"Dallas County Mental Health"},"image":{"@id":"https:\/\/findhelpdc.com\/#\/schema\/logo\/image\/"},"sameAs":["https:\/\/www.facebook.com\/DCHHS\/","https:\/\/x.com\/DCHHS"]}]}},"_links":{"self":[{"href":"https:\/\/findhelpdc.com\/es\/wp-json\/wp\/v2\/pages\/420","targetHints":{"allow":["GET"]}}],"collection":[{"href":"https:\/\/findhelpdc.com\/es\/wp-json\/wp\/v2\/pages"}],"about":[{"href":"https:\/\/findhelpdc.com\/es\/wp-json\/wp\/v2\/types\/page"}],"author":[{"embeddable":true,"href":"https:\/\/findhelpdc.com\/es\/wp-json\/wp\/v2\/users\/1"}],"replies":[{"embeddable":true,"href":"https:\/\/findhelpdc.com\/es\/wp-json\/wp\/v2\/comments?post=420"}],"version-history":[{"count":48,"href":"https:\/\/findhelpdc.com\/es\/wp-json\/wp\/v2\/pages\/420\/revisions"}],"predecessor-version":[{"id":1517,"href":"https:\/\/findhelpdc.com\/es\/wp-json\/wp\/v2\/pages\/420\/revisions\/1517"}],"wp:attachment":[{"href":"https:\/\/findhelpdc.com\/es\/wp-json\/wp\/v2\/media?parent=420"}],"curies":[{"name":"wp","href":"https:\/\/api.w.org\/{rel}","templated":true}]}}