{"id":1549,"date":"2023-09-12T14:35:41","date_gmt":"2023-09-12T19:35:41","guid":{"rendered":"https:\/\/findhelpdc.com\/?page_id=1549"},"modified":"2023-10-16T13:58:42","modified_gmt":"2023-10-16T18:58:42","slug":"faqs","status":"publish","type":"page","link":"https:\/\/findhelpdc.com\/es\/faqs\/","title":{"rendered":"FAQS"},"content":{"rendered":"<section data-block=\"page-header\" data-block_439ef399a6b7987aac6af2e4d962cfc9 class=\"page-header alignfull\">\n  <div class=\"bg-blue text-white text-center\">\n    <div class=\"container max-w-screen-md py-8 lg:py-16\">\n      <div class=\"flex flex-col gap-4\">\n        <div class=\"flex flex-col gap-1\">\n                    <div>\n            <span class=\"uppercase\">RESOURCES AND ASSETS<\/span>\n          <\/div>\n          \n                    <div>\n            <h1 class=\"uppercase text-orange-light text-4xl\">FAQ<\/h1>\n          <\/div>\n                  <\/div>\n\n                <div>\n          <p>Esta p\u00e1gina no ofrece atenci\u00f3n directamente, pero proporciona recursos para ayudarte a encontrar la atenci\u00f3n y la informaci\u00f3n que necesitas.<\/p>\n\n        <\/div>\n              <\/div>\n    <\/div>\n  <\/div>\n<\/section>\n\n\n\n<div class=\"wp-block-group is-layout-constrained wp-block-group-is-layout-constrained\">\n<div class=\"wp-block-columns is-layout-flex wp-container-core-columns-is-layout-9d6595d7 wp-block-columns-is-layout-flex\">\n<div class=\"wp-block-column is-layout-flow wp-block-column-is-layout-flow\" style=\"flex-basis:100%\">\n<div class=\"wp-block-group is-layout-constrained wp-block-group-is-layout-constrained\"><\/div>\n\n\n\n<h2 class=\"wp-block-heading\">\u00bfQu\u00e9 es la salud mental y en qu\u00e9 se diferencia de la enfermedad mental?<\/h2>\n\n\n\n<p>Puedes obtener m\u00e1s informaci\u00f3n sobre salud y enfermedades mentales <a href=\"https:\/\/findhelpdc.com\/es\/\">aqu\u00ed<\/a>.<\/p>\n\n\n\n<h2 class=\"wp-block-heading\"><strong>\u00bfC\u00f3mo puedo obtener ayuda para la salud mental?<\/strong><\/h2>\n\n\n\n<p>Puedes encontrar la informaci\u00f3n de contacto de varias cl\u00ednicas que ofrecen servicios gratuitos o de bajo costo en <a href=\"https:\/\/findhelpdc.findhelp.com\/\">FindHelp<\/a>.<\/p>\n\n\n\n<h2 class=\"wp-block-heading\">\u00bfC\u00f3mo puedo proteger mi salud mental?<\/h2>\n\n\n\n<p>Estos son algunos <a href=\"https:\/\/findhelpdc.com\/es\/health-tips\/\">consejos de autoayuda<\/a> y <a href=\"https:\/\/findhelpdc.com\/es\/health-tips\/\">cuidado personal<\/a> que pueden ayudarte a proteger tu salud mental.<\/p>\n\n\n\n<h2 class=\"wp-block-heading\">\u00bfExiste una cura para la enfermedad mental?<\/h2>\n\n\n\n<p>Los tratamientos para las enfermedades mentales tienen entre un 70 y un 90% de efectividad, lo que lleva a una reducci\u00f3n significativa de los s\u00edntomas y una mejor calidad de vida.&nbsp;<\/p>\n\n\n\n<h2 class=\"wp-block-heading\">Si me diagnostican una enfermedad mental, \u00bfqu\u00e9 sigue?<\/h2>\n\n\n\n<p>Puedes obtener m\u00e1s informaci\u00f3n sobre las pr\u00f3ximas acciones que puedes tomar si se te diagnostica una enfermedad mental <a href=\"https:\/\/findhelpdc.com\/es\/what-can-i-do\/\">aqu\u00ed<\/a>.<\/p>\n\n\n\n<h2 class=\"wp-block-heading\">\u00bfCu\u00e1les son los s\u00edntomas de la enfermedad mental? \u00bfCuanto tardan en aparecer?<\/h2>\n\n\n\n<p>Puedes obtener m\u00e1s informaci\u00f3n sobre los s\u00edntomas de las enfermedades mentales <a href=\"https:\/\/findhelpdc.com\/es\/\">aqu\u00ed<\/a>.<\/p>\n\n\n\n<h2 class=\"wp-block-heading\">\u00bfQu\u00e9 es el estigma de la salud mental y cu\u00e1les son sus efectos? <\/h2>\n\n\n\n<p>El estigma de la salud mental ocurre cuando las personas menosprecian a quienes tienen problemas de salud mental. El estigma puede impedir que las personas hablen sobre sus malestares y eviten buscar ayuda.\n\nPuedes obtener m\u00e1s informaci\u00f3n sobre el estigma de la salud mental <a href=\"https:\/\/findhelpdc.com\/es\/understanding-stigma\/\">aqu\u00ed<\/a>.<\/p>\n\n\n\n<h2 class=\"wp-block-heading\">\u00bfC\u00f3mo puedo hablar con mi familia o pareja sobre mis problemas de salud mental?<\/h2>\n\n\n\n<p>A veces, lo m\u00e1s efectivo que puedes hacer es hablar con alguien sobre lo que est\u00e1s pasando.<br><\/p>\n\n\n\n<p>Pero, puede ser dif\u00edcil hablar de tu salud mental con las personas m\u00e1s cercanas a ti. Siempre puedes hablar con un profesional que pueda ayudarte a prepararte para tener una conversaci\u00f3n con tu ser querido.&nbsp;<\/p>\n\n\n\n<p>Puedes encontrar la informaci\u00f3n de contacto de varias cl\u00ednicas que ofrecen servicios gratuitos o de bajo costo en <a href=\"https:\/\/findhelpdc.findhelp.com\/\">FindHelp<\/a>.<\/p>\n\n\n\n<h2 class=\"wp-block-heading\">\u00bfCon qui\u00e9n me puedo comunicar para hablar sobre la salud mental?<\/h2>\n\n\n\n<p>Llama al 988 o visita <a href=\"https:\/\/findhelpdc.findhelp.com\/\">findhelpdc.findhelp.com<\/a>.<\/p>\n\n\n\n<h2 class=\"wp-block-heading\">\u00bfD\u00f3nde puedo ir para obtener informaci\u00f3n sobre salud mental o pruebas?<\/h2>\n\n\n\n<p>Llama al 988 o visita <a href=\"https:\/\/findhelpdc.findhelp.com\/\">findhelpdc.findhelp.com<strong><span style=\"text-decoration: underline;\">\/<\/span><\/strong><\/a>.<\/p>\n\n\n\n<h2 class=\"wp-block-heading\">\u00bfHay una direcci\u00f3n de correo electr\u00f3nico para contactar a alguien sobre la salud mental?<\/h2>\n\n\n\n<p>Puedes encontrar la informaci\u00f3n de contacto de cl\u00ednicas que ofrecen servicios gratuitos o de bajo costo en <a href=\"http:\/\/findhelpdc.findhelp.com\">FindHelp<\/a>:<\/p>\n\n\n\n<h2 class=\"wp-block-heading\">\u00bfEl condado de Dallas tiene una cl\u00ednica de salud mental?<\/h2>\n\n\n\n<p>El condado de Dallas no opera una cl\u00ednica de salud mental, pero puede encontrar informaci\u00f3n de contacto de cl\u00ednicas que ofrecen servicios gratuitos o de bajo costo en <a href=\"https:\/\/findhelpdc.findhelp.com\/\">FindHelp<\/a>:&nbsp;<\/p>\n\n\n\n<h2 class=\"wp-block-heading\">\u00bfPuedo morir de una enfermedad mental?<\/h2>\n\n\n\n<p>Existe riesgo de muerte si tienes pensamientos suicidas. Llama al 988. Estamos aqu\u00ed para ayudarte.<\/p>\n\n\n\n<h2 class=\"wp-block-heading\">\u00bfHay alguna informaci\u00f3n sobre la salud mental y la comunidad LGBTQIA+?<\/h2>\n\n\n\n<p>Cada vez que se dirige la negatividad y el odio hacia la comunidad LBGTQIA+, puede tener un efecto perjudicial en la salud mental. De hecho, el 41% de los j\u00f3venes LGBTQIA+ consideraron seriamente intentar suicidarse en el \u00faltimo a\u00f1o. Puedes obtener m\u00e1s informaci\u00f3n sobre la salud mental y la comunidad LGBTQIA+ visitando estos sitios web:  <\/p>\n\n\n\n<p><a href=\"https:\/\/findhelpdc.com\/es\/community\/\"><span style=\"text-decoration: underline;\"><strong>Find Help Comunidad<\/strong><\/span><\/a><\/p>\n\n\n\n<p><a href=\"https:\/\/www.myresourcecenter.org\/\"><strong>El Centro de Recursos<\/strong><\/a><\/p>\n\n\n\n<p><a href=\"https:\/\/www.dallasisd.org\/Page\/56987\"><strong>Recursos de Dallas ISD<\/strong><\/a><\/p>\n\n\n\n<p><a href=\"https:\/\/dallaspride.org\/participant\/resource-center\/\"><strong>Dallas Pride Resource Center<\/strong><\/a><\/p>\n\n\n\n<div class=\"wp-block-group is-layout-constrained wp-block-group-is-layout-constrained\">\n<div style=\"height:35px\" aria-hidden=\"true\" class=\"wp-block-spacer\"><\/div>\n<\/div>\n<\/div>\n<\/div>\n<\/div>","protected":false},"excerpt":{"rendered":"<p>What is mental health and how does it differ from mental illness? You can learn more about mental health and mental illness here. How do you get help for mental health? You can find contact information for a number of clinics that offer free or low-cost services at FindHelp. How can I protect my mental &hellip; <a href=\"https:\/\/findhelpdc.com\/es\/faqs\/\">Continued<\/a><\/p>","protected":false},"author":2,"featured_media":0,"parent":0,"menu_order":0,"comment_status":"closed","ping_status":"closed","template":"","meta":{"_acf_changed":false,"inline_featured_image":false,"footnotes":""},"class_list":["post-1549","page","type-page","status-publish","hentry"],"acf":[],"yoast_head":"<!-- This site is optimized with the Yoast SEO plugin v27.3 - https:\/\/yoast.com\/product\/yoast-seo-wordpress\/ -->\n<title>FAQS | Dallas County Mental Health<\/title>\n<meta name=\"description\" content=\"Explore our FAQs for valuable information on mental health, illness &amp; more. Get the assistance you need with FindHelpDC&#039;s comprehensive FAQ section.\" \/>\n<meta name=\"robots\" content=\"index, follow, max-snippet:-1, max-image-preview:large, max-video-preview:-1\" \/>\n<link rel=\"canonical\" href=\"https:\/\/findhelpdc.com\/es\/faqs\/\" \/>\n<meta property=\"og:locale\" content=\"es_ES\" \/>\n<meta property=\"og:type\" content=\"article\" \/>\n<meta property=\"og:title\" content=\"FAQS | Dallas County Mental Health\" \/>\n<meta property=\"og:description\" content=\"Explore our FAQs for valuable information on mental health, illness &amp; more. Get the assistance you need with FindHelpDC&#039;s comprehensive FAQ section.\" \/>\n<meta property=\"og:url\" content=\"https:\/\/findhelpdc.com\/es\/faqs\/\" \/>\n<meta property=\"og:site_name\" content=\"Dallas County Mental Health\" \/>\n<meta property=\"article:publisher\" content=\"https:\/\/www.facebook.com\/DCHHS\/\" \/>\n<meta property=\"article:modified_time\" content=\"2023-10-16T18:58:42+00:00\" \/>\n<meta property=\"og:image\" content=\"https:\/\/findhelpdc.com\/wp-content\/uploads\/2023\/03\/Slider-2.jpg\" \/>\n\t<meta property=\"og:image:width\" content=\"2048\" \/>\n\t<meta property=\"og:image:height\" content=\"1366\" \/>\n\t<meta property=\"og:image:type\" content=\"image\/jpeg\" \/>\n<meta name=\"twitter:card\" content=\"summary_large_image\" \/>\n<meta name=\"twitter:site\" content=\"@DCHHS\" \/>\n<meta name=\"twitter:label1\" content=\"Est. reading time\" \/>\n\t<meta name=\"twitter:data1\" content=\"3 minutes\" \/>\n<script type=\"application\/ld+json\" class=\"yoast-schema-graph\">{\"@context\":\"https:\\\/\\\/schema.org\",\"@graph\":[{\"@type\":\"WebPage\",\"@id\":\"https:\\\/\\\/findhelpdc.com\\\/faqs\\\/\",\"url\":\"https:\\\/\\\/findhelpdc.com\\\/faqs\\\/\",\"name\":\"FAQS | Dallas County Mental Health\",\"isPartOf\":{\"@id\":\"https:\\\/\\\/findhelpdc.com\\\/#website\"},\"datePublished\":\"2023-09-12T19:35:41+00:00\",\"dateModified\":\"2023-10-16T18:58:42+00:00\",\"description\":\"Explore our FAQs for valuable information on mental health, illness & more. Get the assistance you need with FindHelpDC's comprehensive FAQ section.\",\"breadcrumb\":{\"@id\":\"https:\\\/\\\/findhelpdc.com\\\/faqs\\\/#breadcrumb\"},\"inLanguage\":\"es-ES\",\"potentialAction\":[{\"@type\":\"ReadAction\",\"target\":[\"https:\\\/\\\/findhelpdc.com\\\/faqs\\\/\"]}]},{\"@type\":\"BreadcrumbList\",\"@id\":\"https:\\\/\\\/findhelpdc.com\\\/faqs\\\/#breadcrumb\",\"itemListElement\":[{\"@type\":\"ListItem\",\"position\":1,\"name\":\"Home\",\"item\":\"https:\\\/\\\/findhelpdc.com\\\/\"},{\"@type\":\"ListItem\",\"position\":2,\"name\":\"FAQS\"}]},{\"@type\":\"WebSite\",\"@id\":\"https:\\\/\\\/findhelpdc.com\\\/#website\",\"url\":\"https:\\\/\\\/findhelpdc.com\\\/\",\"name\":\"Dallas County Mental Health\",\"description\":\"Get Help. Find Hope.\",\"publisher\":{\"@id\":\"https:\\\/\\\/findhelpdc.com\\\/#organization\"},\"potentialAction\":[{\"@type\":\"SearchAction\",\"target\":{\"@type\":\"EntryPoint\",\"urlTemplate\":\"https:\\\/\\\/findhelpdc.com\\\/?s={search_term_string}\"},\"query-input\":{\"@type\":\"PropertyValueSpecification\",\"valueRequired\":true,\"valueName\":\"search_term_string\"}}],\"inLanguage\":\"es-ES\"},{\"@type\":\"Organization\",\"@id\":\"https:\\\/\\\/findhelpdc.com\\\/#organization\",\"name\":\"Dallas County Mental Health\",\"url\":\"https:\\\/\\\/findhelpdc.com\\\/\",\"logo\":{\"@type\":\"ImageObject\",\"inLanguage\":\"es-ES\",\"@id\":\"https:\\\/\\\/findhelpdc.com\\\/#\\\/schema\\\/logo\\\/image\\\/\",\"url\":\"https:\\\/\\\/findhelpdc.com\\\/wp-content\\\/uploads\\\/2022\\\/12\\\/logo.png\",\"contentUrl\":\"https:\\\/\\\/findhelpdc.com\\\/wp-content\\\/uploads\\\/2022\\\/12\\\/logo.png\",\"width\":189,\"height\":189,\"caption\":\"Dallas County Mental Health\"},\"image\":{\"@id\":\"https:\\\/\\\/findhelpdc.com\\\/#\\\/schema\\\/logo\\\/image\\\/\"},\"sameAs\":[\"https:\\\/\\\/www.facebook.com\\\/DCHHS\\\/\",\"https:\\\/\\\/x.com\\\/DCHHS\"]}]}<\/script>\n<!-- \/ Yoast SEO plugin. -->","yoast_head_json":{"title":"Preguntas frecuentes | Salud mental del condado de Dallas","description":"Explore our FAQs for valuable information on mental health, illness & more. Get the assistance you need with FindHelpDC's comprehensive FAQ section.","robots":{"index":"index","follow":"follow","max-snippet":"max-snippet:-1","max-image-preview":"max-image-preview:large","max-video-preview":"max-video-preview:-1"},"canonical":"https:\/\/findhelpdc.com\/es\/faqs\/","og_locale":"es_ES","og_type":"article","og_title":"FAQS | Dallas County Mental Health","og_description":"Explore our FAQs for valuable information on mental health, illness & more. Get the assistance you need with FindHelpDC's comprehensive FAQ section.","og_url":"https:\/\/findhelpdc.com\/es\/faqs\/","og_site_name":"Dallas County Mental Health","article_publisher":"https:\/\/www.facebook.com\/DCHHS\/","article_modified_time":"2023-10-16T18:58:42+00:00","og_image":[{"width":2048,"height":1366,"url":"https:\/\/findhelpdc.com\/wp-content\/uploads\/2023\/03\/Slider-2.jpg","type":"image\/jpeg"}],"twitter_card":"summary_large_image","twitter_site":"@DCHHS","twitter_misc":{"Est. reading time":"3 minutes"},"schema":{"@context":"https:\/\/schema.org","@graph":[{"@type":"WebPage","@id":"https:\/\/findhelpdc.com\/faqs\/","url":"https:\/\/findhelpdc.com\/faqs\/","name":"Preguntas frecuentes | Salud mental del condado de Dallas","isPartOf":{"@id":"https:\/\/findhelpdc.com\/#website"},"datePublished":"2023-09-12T19:35:41+00:00","dateModified":"2023-10-16T18:58:42+00:00","description":"Explore our FAQs for valuable information on mental health, illness & more. Get the assistance you need with FindHelpDC's comprehensive FAQ section.","breadcrumb":{"@id":"https:\/\/findhelpdc.com\/faqs\/#breadcrumb"},"inLanguage":"es-ES","potentialAction":[{"@type":"ReadAction","target":["https:\/\/findhelpdc.com\/faqs\/"]}]},{"@type":"BreadcrumbList","@id":"https:\/\/findhelpdc.com\/faqs\/#breadcrumb","itemListElement":[{"@type":"ListItem","position":1,"name":"Home","item":"https:\/\/findhelpdc.com\/"},{"@type":"ListItem","position":2,"name":"FAQS"}]},{"@type":"WebSite","@id":"https:\/\/findhelpdc.com\/#website","url":"https:\/\/findhelpdc.com\/","name":"Dallas County Mental Health","description":"Get Help. Find Hope.","publisher":{"@id":"https:\/\/findhelpdc.com\/#organization"},"potentialAction":[{"@type":"SearchAction","target":{"@type":"EntryPoint","urlTemplate":"https:\/\/findhelpdc.com\/?s={search_term_string}"},"query-input":{"@type":"PropertyValueSpecification","valueRequired":true,"valueName":"search_term_string"}}],"inLanguage":"es-ES"},{"@type":"Organization","@id":"https:\/\/findhelpdc.com\/#organization","name":"Dallas County Mental Health","url":"https:\/\/findhelpdc.com\/","logo":{"@type":"ImageObject","inLanguage":"es-ES","@id":"https:\/\/findhelpdc.com\/#\/schema\/logo\/image\/","url":"https:\/\/findhelpdc.com\/wp-content\/uploads\/2022\/12\/logo.png","contentUrl":"https:\/\/findhelpdc.com\/wp-content\/uploads\/2022\/12\/logo.png","width":189,"height":189,"caption":"Dallas County Mental Health"},"image":{"@id":"https:\/\/findhelpdc.com\/#\/schema\/logo\/image\/"},"sameAs":["https:\/\/www.facebook.com\/DCHHS\/","https:\/\/x.com\/DCHHS"]}]}},"_links":{"self":[{"href":"https:\/\/findhelpdc.com\/es\/wp-json\/wp\/v2\/pages\/1549","targetHints":{"allow":["GET"]}}],"collection":[{"href":"https:\/\/findhelpdc.com\/es\/wp-json\/wp\/v2\/pages"}],"about":[{"href":"https:\/\/findhelpdc.com\/es\/wp-json\/wp\/v2\/types\/page"}],"author":[{"embeddable":true,"href":"https:\/\/findhelpdc.com\/es\/wp-json\/wp\/v2\/users\/2"}],"replies":[{"embeddable":true,"href":"https:\/\/findhelpdc.com\/es\/wp-json\/wp\/v2\/comments?post=1549"}],"version-history":[{"count":7,"href":"https:\/\/findhelpdc.com\/es\/wp-json\/wp\/v2\/pages\/1549\/revisions"}],"predecessor-version":[{"id":1558,"href":"https:\/\/findhelpdc.com\/es\/wp-json\/wp\/v2\/pages\/1549\/revisions\/1558"}],"wp:attachment":[{"href":"https:\/\/findhelpdc.com\/es\/wp-json\/wp\/v2\/media?parent=1549"}],"curies":[{"name":"wp","href":"https:\/\/api.w.org\/{rel}","templated":true}]}}